{"id":1213,"date":"2024-12-12T12:10:20","date_gmt":"2024-12-12T10:10:20","guid":{"rendered":"https:\/\/www.loviisaminkkinen.com\/?post_type=product&#038;p=1213"},"modified":"2026-04-07T08:39:59","modified_gmt":"2026-04-07T05:39:59","slug":"kotipaketti","status":"publish","type":"product","link":"https:\/\/www.loviisaminkkinen.com\/index.php\/tuote\/kotipaketti\/","title":{"rendered":"Kotipaketti"},"content":{"rendered":"","protected":false},"excerpt":{"rendered":"<p style=\"text-align: left;\">Kotipaketti keramiikan tekoon! Paketti sis\u00e4lt\u00e4\u00e4<\/p>\n<ul>\n<li>Pienen alustan<\/li>\n<li>Noin 2kg korkeapolttoista valkosavea (GS254) tai pilkkusavea (GS930), molemmissa lopputulos on harmahtava, pilkullisessa on lis\u00e4n\u00e4 mustia pieni\u00e4 pisteit\u00e4.<\/li>\n<li>Muutaman lainaty\u00f6kalun: kaulimen, alustan ja muutaman muovailuty\u00f6kalun.<\/li>\n<li>Kaksi valitsemaasi savimaaliv\u00e4ri\u00e4<\/li>\n<li>Ohjeita ty\u00f6skentelyyn<\/li>\n<\/ul>\n<p>Nouda paketti (EI POSTITUSTA) ja ty\u00f6skentele kotonasi, tuo ne sitten polttoon pajalleni (poltot toteutuvat hetimmiten, kun t\u00f6ille on taas tilaa uunissa). Hintaan kuuluu kirkas tai valkoinen lasitus, jonka laitan ty\u00f6si pintaan raakapolton j\u00e4lkeen.<\/p>\n<p>Ota yhteytt\u00e4 noutoajankohdasta viestitse minkkinenloviisa@gmail.com, <a href=\"https:\/\/www.loviisaminkkinen.com\/index.php\/yrityksille-ja-ryhmille\/\">yhteydenottolomakkeella <\/a>tai instagram-viestill\u00e4. Jos sinusta ei kuulu, l\u00e4hestyn sinua noudon sopimiseksi.<\/p>\n<p>Ohjeita ty\u00f6skentelyysi saat paikan p\u00e4\u00e4ll\u00e4, mutta l\u00f6yd\u00e4t niit\u00e4 my\u00f6s <a href=\"https:\/\/www.loviisaminkkinen.com\/index.php\/ohjeita-kotipaketin-kanssa-tyoskentelevalle-tai-tiedonjanoiselle\/\">t\u00e4\u00e4lt\u00e4 nettisivultani!<\/a><\/p>\n","protected":false},"featured_media":2495,"template":"","meta":[],"product_brand":[],"product_cat":[15],"product_tag":[],"class_list":{"0":"post-1213","1":"product","2":"type-product","3":"status-publish","4":"has-post-thumbnail","6":"product_cat-keramiikkakurssit","8":"first","9":"outofstock","10":"taxable","11":"shipping-taxable","12":"purchasable","13":"product-type-variable"},"yoast_head":"<!-- This site is optimized with the Yoast SEO plugin v27.5 - https:\/\/yoast.com\/product\/yoast-seo-wordpress\/ -->\n<title>Kotipaketti - Loviisan luova tila<\/title>\n<meta name=\"description\" content=\"Kotipaketti keramiikan toteutukseen sis\u00e4lt\u00e4en saven, alustan, muutaman v\u00e4lineen sek\u00e4 kaksi maalia, poltot ja kirkkaan lasitteen. Varaa ja nouda omasi!\" \/>\n<meta name=\"robots\" content=\"index, follow, max-snippet:-1, max-image-preview:large, max-video-preview:-1\" \/>\n<link rel=\"canonical\" href=\"https:\/\/www.loviisaminkkinen.com\/index.php\/tuote\/kotipaketti\/\" \/>\n<meta property=\"og:locale\" content=\"fi_FI\" \/>\n<meta property=\"og:type\" content=\"article\" \/>\n<meta property=\"og:title\" content=\"Kotipaketti - Loviisan luova tila\" \/>\n<meta property=\"og:description\" content=\"Kotipaketti keramiikan toteutukseen sis\u00e4lt\u00e4en saven, alustan, muutaman v\u00e4lineen sek\u00e4 kaksi maalia, poltot ja kirkkaan lasitteen. Varaa ja nouda omasi!\" \/>\n<meta property=\"og:url\" content=\"https:\/\/www.loviisaminkkinen.com\/index.php\/tuote\/kotipaketti\/\" \/>\n<meta property=\"og:site_name\" content=\"Loviisan luova tila\" \/>\n<meta property=\"article:publisher\" content=\"https:\/\/www.facebook.com\/Loviisan-luova-tila-61564677072092\/?hr=1\" \/>\n<meta property=\"article:modified_time\" content=\"2026-04-07T05:39:59+00:00\" \/>\n<meta property=\"og:image\" content=\"https:\/\/www.loviisaminkkinen.com\/wp-content\/uploads\/2024\/12\/1967FFFF-8945-4452-BC5E-6AC14EDA6522-scaled-e1747896379287.webp\" \/>\n\t<meta property=\"og:image:width\" content=\"2236\" \/>\n\t<meta property=\"og:image:height\" content=\"2214\" \/>\n\t<meta property=\"og:image:type\" content=\"image\/jpeg\" \/>\n<meta name=\"twitter:card\" content=\"summary_large_image\" \/>\n<meta name=\"twitter:label1\" content=\"Arvioitu lukuaika\" \/>\n\t<meta name=\"twitter:data1\" content=\"1 minuutti\" \/>\n<script type=\"application\/ld+json\" class=\"yoast-schema-graph\">{\"@context\":\"https:\\\/\\\/schema.org\",\"@graph\":[{\"@type\":\"WebPage\",\"@id\":\"https:\\\/\\\/www.loviisaminkkinen.com\\\/index.php\\\/tuote\\\/kotipaketti\\\/\",\"url\":\"https:\\\/\\\/www.loviisaminkkinen.com\\\/index.php\\\/tuote\\\/kotipaketti\\\/\",\"name\":\"Kotipaketti - Loviisan luova tila\",\"isPartOf\":{\"@id\":\"https:\\\/\\\/www.loviisaminkkinen.com\\\/#website\"},\"primaryImageOfPage\":{\"@id\":\"https:\\\/\\\/www.loviisaminkkinen.com\\\/index.php\\\/tuote\\\/kotipaketti\\\/#primaryimage\"},\"image\":{\"@id\":\"https:\\\/\\\/www.loviisaminkkinen.com\\\/index.php\\\/tuote\\\/kotipaketti\\\/#primaryimage\"},\"thumbnailUrl\":\"https:\\\/\\\/www.loviisaminkkinen.com\\\/wp-content\\\/uploads\\\/2024\\\/12\\\/1967FFFF-8945-4452-BC5E-6AC14EDA6522-scaled-e1747896379287.webp\",\"datePublished\":\"2024-12-12T10:10:20+00:00\",\"dateModified\":\"2026-04-07T05:39:59+00:00\",\"description\":\"Kotipaketti keramiikan toteutukseen sis\u00e4lt\u00e4en saven, alustan, muutaman v\u00e4lineen sek\u00e4 kaksi maalia, poltot ja kirkkaan lasitteen. Varaa ja nouda omasi!\",\"breadcrumb\":{\"@id\":\"https:\\\/\\\/www.loviisaminkkinen.com\\\/index.php\\\/tuote\\\/kotipaketti\\\/#breadcrumb\"},\"inLanguage\":\"fi\",\"potentialAction\":[{\"@type\":\"ReadAction\",\"target\":[\"https:\\\/\\\/www.loviisaminkkinen.com\\\/index.php\\\/tuote\\\/kotipaketti\\\/\"]}]},{\"@type\":\"ImageObject\",\"inLanguage\":\"fi\",\"@id\":\"https:\\\/\\\/www.loviisaminkkinen.com\\\/index.php\\\/tuote\\\/kotipaketti\\\/#primaryimage\",\"url\":\"https:\\\/\\\/www.loviisaminkkinen.com\\\/wp-content\\\/uploads\\\/2024\\\/12\\\/1967FFFF-8945-4452-BC5E-6AC14EDA6522-scaled-e1747896379287.webp\",\"contentUrl\":\"https:\\\/\\\/www.loviisaminkkinen.com\\\/wp-content\\\/uploads\\\/2024\\\/12\\\/1967FFFF-8945-4452-BC5E-6AC14EDA6522-scaled-e1747896379287.webp\",\"width\":2236,\"height\":2214,\"caption\":\"Kotipaketti valmiina noutajaansa odottaen.\"},{\"@type\":\"BreadcrumbList\",\"@id\":\"https:\\\/\\\/www.loviisaminkkinen.com\\\/index.php\\\/tuote\\\/kotipaketti\\\/#breadcrumb\",\"itemListElement\":[{\"@type\":\"ListItem\",\"position\":1,\"name\":\"Etusivu\",\"item\":\"https:\\\/\\\/www.loviisaminkkinen.com\\\/\"},{\"@type\":\"ListItem\",\"position\":2,\"name\":\"Keramiikurssit ja keramiikkataidetta Jyv\u00e4skyl\u00e4ss\u00e4\",\"item\":\"https:\\\/\\\/www.loviisaminkkinen.com\\\/\"},{\"@type\":\"ListItem\",\"position\":3,\"name\":\"Kotipaketti\"}]},{\"@type\":\"WebSite\",\"@id\":\"https:\\\/\\\/www.loviisaminkkinen.com\\\/#website\",\"url\":\"https:\\\/\\\/www.loviisaminkkinen.com\\\/\",\"name\":\"Loviisan luova tila\",\"description\":\"Keramiikka Jyv&auml;skyl&auml;\",\"publisher\":{\"@id\":\"https:\\\/\\\/www.loviisaminkkinen.com\\\/#organization\"},\"potentialAction\":[{\"@type\":\"SearchAction\",\"target\":{\"@type\":\"EntryPoint\",\"urlTemplate\":\"https:\\\/\\\/www.loviisaminkkinen.com\\\/?s={search_term_string}\"},\"query-input\":{\"@type\":\"PropertyValueSpecification\",\"valueRequired\":true,\"valueName\":\"search_term_string\"}}],\"inLanguage\":\"fi\"},{\"@type\":\"Organization\",\"@id\":\"https:\\\/\\\/www.loviisaminkkinen.com\\\/#organization\",\"name\":\"Loviisan luova tila\",\"url\":\"https:\\\/\\\/www.loviisaminkkinen.com\\\/\",\"logo\":{\"@type\":\"ImageObject\",\"inLanguage\":\"fi\",\"@id\":\"https:\\\/\\\/www.loviisaminkkinen.com\\\/#\\\/schema\\\/logo\\\/image\\\/\",\"url\":\"https:\\\/\\\/www.loviisaminkkinen.com\\\/wp-content\\\/uploads\\\/2025\\\/03\\\/cropped-IMG_1747.png\",\"contentUrl\":\"https:\\\/\\\/www.loviisaminkkinen.com\\\/wp-content\\\/uploads\\\/2025\\\/03\\\/cropped-IMG_1747.png\",\"width\":2999,\"height\":2765,\"caption\":\"Loviisan luova tila\"},\"image\":{\"@id\":\"https:\\\/\\\/www.loviisaminkkinen.com\\\/#\\\/schema\\\/logo\\\/image\\\/\"},\"sameAs\":[\"https:\\\/\\\/www.facebook.com\\\/Loviisan-luova-tila-61564677072092\\\/?hr=1\",\"https:\\\/\\\/www.instagram.com\\\/loviisaminkkinen\"]}]}<\/script>\n<!-- \/ Yoast SEO plugin. -->","yoast_head_json":{"title":"Kotipaketti - Loviisan luova tila","description":"Kotipaketti keramiikan toteutukseen sis\u00e4lt\u00e4en saven, alustan, muutaman v\u00e4lineen sek\u00e4 kaksi maalia, poltot ja kirkkaan lasitteen. Varaa ja nouda omasi!","robots":{"index":"index","follow":"follow","max-snippet":"max-snippet:-1","max-image-preview":"max-image-preview:large","max-video-preview":"max-video-preview:-1"},"canonical":"https:\/\/www.loviisaminkkinen.com\/index.php\/tuote\/kotipaketti\/","og_locale":"fi_FI","og_type":"article","og_title":"Kotipaketti - Loviisan luova tila","og_description":"Kotipaketti keramiikan toteutukseen sis\u00e4lt\u00e4en saven, alustan, muutaman v\u00e4lineen sek\u00e4 kaksi maalia, poltot ja kirkkaan lasitteen. Varaa ja nouda omasi!","og_url":"https:\/\/www.loviisaminkkinen.com\/index.php\/tuote\/kotipaketti\/","og_site_name":"Loviisan luova tila","article_publisher":"https:\/\/www.facebook.com\/Loviisan-luova-tila-61564677072092\/?hr=1","article_modified_time":"2026-04-07T05:39:59+00:00","og_image":[{"width":2236,"height":2214,"url":"https:\/\/www.loviisaminkkinen.com\/wp-content\/uploads\/2024\/12\/1967FFFF-8945-4452-BC5E-6AC14EDA6522-scaled-e1747896379287.webp","type":"image\/jpeg"}],"twitter_card":"summary_large_image","twitter_misc":{"Arvioitu lukuaika":"1 minuutti"},"schema":{"@context":"https:\/\/schema.org","@graph":[{"@type":"WebPage","@id":"https:\/\/www.loviisaminkkinen.com\/index.php\/tuote\/kotipaketti\/","url":"https:\/\/www.loviisaminkkinen.com\/index.php\/tuote\/kotipaketti\/","name":"Kotipaketti - Loviisan luova tila","isPartOf":{"@id":"https:\/\/www.loviisaminkkinen.com\/#website"},"primaryImageOfPage":{"@id":"https:\/\/www.loviisaminkkinen.com\/index.php\/tuote\/kotipaketti\/#primaryimage"},"image":{"@id":"https:\/\/www.loviisaminkkinen.com\/index.php\/tuote\/kotipaketti\/#primaryimage"},"thumbnailUrl":"https:\/\/www.loviisaminkkinen.com\/wp-content\/uploads\/2024\/12\/1967FFFF-8945-4452-BC5E-6AC14EDA6522-scaled-e1747896379287.webp","datePublished":"2024-12-12T10:10:20+00:00","dateModified":"2026-04-07T05:39:59+00:00","description":"Kotipaketti keramiikan toteutukseen sis\u00e4lt\u00e4en saven, alustan, muutaman v\u00e4lineen sek\u00e4 kaksi maalia, poltot ja kirkkaan lasitteen. Varaa ja nouda omasi!","breadcrumb":{"@id":"https:\/\/www.loviisaminkkinen.com\/index.php\/tuote\/kotipaketti\/#breadcrumb"},"inLanguage":"fi","potentialAction":[{"@type":"ReadAction","target":["https:\/\/www.loviisaminkkinen.com\/index.php\/tuote\/kotipaketti\/"]}]},{"@type":"ImageObject","inLanguage":"fi","@id":"https:\/\/www.loviisaminkkinen.com\/index.php\/tuote\/kotipaketti\/#primaryimage","url":"https:\/\/www.loviisaminkkinen.com\/wp-content\/uploads\/2024\/12\/1967FFFF-8945-4452-BC5E-6AC14EDA6522-scaled-e1747896379287.webp","contentUrl":"https:\/\/www.loviisaminkkinen.com\/wp-content\/uploads\/2024\/12\/1967FFFF-8945-4452-BC5E-6AC14EDA6522-scaled-e1747896379287.webp","width":2236,"height":2214,"caption":"Kotipaketti valmiina noutajaansa odottaen."},{"@type":"BreadcrumbList","@id":"https:\/\/www.loviisaminkkinen.com\/index.php\/tuote\/kotipaketti\/#breadcrumb","itemListElement":[{"@type":"ListItem","position":1,"name":"Etusivu","item":"https:\/\/www.loviisaminkkinen.com\/"},{"@type":"ListItem","position":2,"name":"Keramiikurssit ja keramiikkataidetta Jyv\u00e4skyl\u00e4ss\u00e4","item":"https:\/\/www.loviisaminkkinen.com\/"},{"@type":"ListItem","position":3,"name":"Kotipaketti"}]},{"@type":"WebSite","@id":"https:\/\/www.loviisaminkkinen.com\/#website","url":"https:\/\/www.loviisaminkkinen.com\/","name":"Loviisan luova tila","description":"Keramiikka Jyv&auml;skyl&auml;","publisher":{"@id":"https:\/\/www.loviisaminkkinen.com\/#organization"},"potentialAction":[{"@type":"SearchAction","target":{"@type":"EntryPoint","urlTemplate":"https:\/\/www.loviisaminkkinen.com\/?s={search_term_string}"},"query-input":{"@type":"PropertyValueSpecification","valueRequired":true,"valueName":"search_term_string"}}],"inLanguage":"fi"},{"@type":"Organization","@id":"https:\/\/www.loviisaminkkinen.com\/#organization","name":"Loviisan luova tila","url":"https:\/\/www.loviisaminkkinen.com\/","logo":{"@type":"ImageObject","inLanguage":"fi","@id":"https:\/\/www.loviisaminkkinen.com\/#\/schema\/logo\/image\/","url":"https:\/\/www.loviisaminkkinen.com\/wp-content\/uploads\/2025\/03\/cropped-IMG_1747.png","contentUrl":"https:\/\/www.loviisaminkkinen.com\/wp-content\/uploads\/2025\/03\/cropped-IMG_1747.png","width":2999,"height":2765,"caption":"Loviisan luova tila"},"image":{"@id":"https:\/\/www.loviisaminkkinen.com\/#\/schema\/logo\/image\/"},"sameAs":["https:\/\/www.facebook.com\/Loviisan-luova-tila-61564677072092\/?hr=1","https:\/\/www.instagram.com\/loviisaminkkinen"]}]}},"_links":{"self":[{"href":"https:\/\/www.loviisaminkkinen.com\/index.php\/wp-json\/wp\/v2\/product\/1213","targetHints":{"allow":["GET"]}}],"collection":[{"href":"https:\/\/www.loviisaminkkinen.com\/index.php\/wp-json\/wp\/v2\/product"}],"about":[{"href":"https:\/\/www.loviisaminkkinen.com\/index.php\/wp-json\/wp\/v2\/types\/product"}],"wp:featuredmedia":[{"embeddable":true,"href":"https:\/\/www.loviisaminkkinen.com\/index.php\/wp-json\/wp\/v2\/media\/2495"}],"wp:attachment":[{"href":"https:\/\/www.loviisaminkkinen.com\/index.php\/wp-json\/wp\/v2\/media?parent=1213"}],"wp:term":[{"taxonomy":"product_brand","embeddable":true,"href":"https:\/\/www.loviisaminkkinen.com\/index.php\/wp-json\/wp\/v2\/product_brand?post=1213"},{"taxonomy":"product_cat","embeddable":true,"href":"https:\/\/www.loviisaminkkinen.com\/index.php\/wp-json\/wp\/v2\/product_cat?post=1213"},{"taxonomy":"product_tag","embeddable":true,"href":"https:\/\/www.loviisaminkkinen.com\/index.php\/wp-json\/wp\/v2\/product_tag?post=1213"}],"curies":[{"name":"wp","href":"https:\/\/api.w.org\/{rel}","templated":true}]}}