{"id":4169,"date":"2026-03-24T14:25:02","date_gmt":"2026-03-24T12:25:02","guid":{"rendered":"https:\/\/www.loviisaminkkinen.com\/?post_type=product&#038;p=4169"},"modified":"2026-04-14T09:22:53","modified_gmt":"2026-04-14T06:22:53","slug":"konkareiden-paja-ti-12-5-klo-17-20","status":"publish","type":"product","link":"https:\/\/www.loviisaminkkinen.com\/index.php\/tuote\/konkareiden-paja-ti-12-5-klo-17-20\/","title":{"rendered":"Konkareiden paja ti 12.5. klo 17-20"},"content":{"rendered":"","protected":false},"excerpt":{"rendered":"<p style=\"text-align: left;\">Konkareiden paja on teematon avoin paja heille, jotka ovat osallistuneet avoimeen pajaan tai yksityistilaisuuteen jo aiemmin. Tarjolla on avoimen pajan aikataulu, tunnelma ja fasiliteetit, mutta t\u00e4\u00e4ll\u00e4 j\u00e4\u00e4 alkuinfoy v\u00e4list\u00e4 ja ruvetaan suoraan hommiin!<\/p>\n<p style=\"text-align: left;\">Ohjausta on aina tarjolla l\u00e4pi kurssin.<\/p>\n<p style=\"text-align: left;\">Kolmen tunnin avoimessa pajassa kerke\u00e4t kokeilla ja onnistuakin! Avoin paja sopii aloittelijalle, joka kaipaa ensikosketusta lajiin tai kokeneemmalle konkarille, joka kaipaa tilaa ja materiaaleja tekemiselleen.<\/p>\n<p>Avoimen pajan kurssimaksuun sis\u00e4ltyy<\/p>\n<ul>\n<li>ohjaus<\/li>\n<li>materiaalit<\/li>\n<li>poltot<\/li>\n<li>Kahvi\/teetarjoilu<\/li>\n<\/ul>\n<p>Valmiin ty\u00f6n voi maalata tarjolla olevin savimaalein. T\u00e4m\u00e4n j\u00e4lkeen ty\u00f6 kuivuu viikon (tai kaksi, riippuen ty\u00f6n koosta). Pajahintaan sis\u00e4ltyy kirkas tai valkoinen lasite, jonka laitan ty\u00f6si pintaan raakapolton j\u00e4lkeen. Mik\u00e4li haluat lasittaa ty\u00f6si jollain muulla lasitteella, tulee t\u00e4h\u00e4n varata toinen avoin paja tai sopia lasituksesta erikseen.<\/p>\n","protected":false},"featured_media":3160,"template":"","meta":[],"product_brand":[],"product_cat":[15],"product_tag":[],"class_list":{"0":"post-4169","1":"product","2":"type-product","3":"status-publish","4":"has-post-thumbnail","6":"product_cat-keramiikkakurssit","8":"first","9":"instock","10":"taxable","11":"shipping-taxable","12":"purchasable","13":"product-type-variable"},"yoast_head":"<!-- This site is optimized with the Yoast SEO plugin v27.4 - https:\/\/yoast.com\/product\/yoast-seo-wordpress\/ -->\n<title>Konkareiden paja ti 12.5. klo 17-20 - Loviisan luova tila<\/title>\n<meta name=\"description\" content=\"Tule kokeilemaan keramiikkaa teemattomaan avoimeen pajaan, jossa hintaan kuuluu kaikki: ohjaus, materiaalit, poltot sek\u00e4 t\u00f6iden lasitus.\" \/>\n<meta name=\"robots\" content=\"index, follow, max-snippet:-1, max-image-preview:large, max-video-preview:-1\" \/>\n<link rel=\"canonical\" href=\"https:\/\/www.loviisaminkkinen.com\/index.php\/tuote\/konkareiden-paja-ti-12-5-klo-17-20\/\" \/>\n<meta property=\"og:locale\" content=\"fi_FI\" \/>\n<meta property=\"og:type\" content=\"article\" \/>\n<meta property=\"og:title\" content=\"Konkareiden paja ti 12.5. klo 17-20 - Loviisan luova tila\" \/>\n<meta property=\"og:description\" content=\"Tule kokeilemaan keramiikkaa teemattomaan avoimeen pajaan, jossa hintaan kuuluu kaikki: ohjaus, materiaalit, poltot sek\u00e4 t\u00f6iden lasitus.\" \/>\n<meta property=\"og:url\" content=\"https:\/\/www.loviisaminkkinen.com\/index.php\/tuote\/konkareiden-paja-ti-12-5-klo-17-20\/\" \/>\n<meta property=\"og:site_name\" content=\"Loviisan luova tila\" \/>\n<meta property=\"article:publisher\" content=\"https:\/\/www.facebook.com\/Loviisan-luova-tila-61564677072092\/?hr=1\" \/>\n<meta property=\"article:modified_time\" content=\"2026-04-14T06:22:53+00:00\" \/>\n<meta property=\"og:image\" content=\"https:\/\/www.loviisaminkkinen.com\/wp-content\/uploads\/2025\/08\/loviisa-1-22-scaled.webp\" \/>\n\t<meta property=\"og:image:width\" content=\"1440\" \/>\n\t<meta property=\"og:image:height\" content=\"2560\" \/>\n\t<meta property=\"og:image:type\" content=\"image\/jpeg\" \/>\n<meta name=\"twitter:card\" content=\"summary_large_image\" \/>\n<meta name=\"twitter:label1\" content=\"Arvioitu lukuaika\" \/>\n\t<meta name=\"twitter:data1\" content=\"1 minuutti\" \/>\n<script type=\"application\/ld+json\" class=\"yoast-schema-graph\">{\"@context\":\"https:\\\/\\\/schema.org\",\"@graph\":[{\"@type\":\"WebPage\",\"@id\":\"https:\\\/\\\/www.loviisaminkkinen.com\\\/index.php\\\/tuote\\\/konkareiden-paja-ti-12-5-klo-17-20\\\/\",\"url\":\"https:\\\/\\\/www.loviisaminkkinen.com\\\/index.php\\\/tuote\\\/konkareiden-paja-ti-12-5-klo-17-20\\\/\",\"name\":\"Konkareiden paja ti 12.5. klo 17-20 - Loviisan luova tila\",\"isPartOf\":{\"@id\":\"https:\\\/\\\/www.loviisaminkkinen.com\\\/#website\"},\"primaryImageOfPage\":{\"@id\":\"https:\\\/\\\/www.loviisaminkkinen.com\\\/index.php\\\/tuote\\\/konkareiden-paja-ti-12-5-klo-17-20\\\/#primaryimage\"},\"image\":{\"@id\":\"https:\\\/\\\/www.loviisaminkkinen.com\\\/index.php\\\/tuote\\\/konkareiden-paja-ti-12-5-klo-17-20\\\/#primaryimage\"},\"thumbnailUrl\":\"https:\\\/\\\/www.loviisaminkkinen.com\\\/wp-content\\\/uploads\\\/2025\\\/08\\\/loviisa-1-22-scaled.webp\",\"datePublished\":\"2026-03-24T12:25:02+00:00\",\"dateModified\":\"2026-04-14T06:22:53+00:00\",\"description\":\"Tule kokeilemaan keramiikkaa teemattomaan avoimeen pajaan, jossa hintaan kuuluu kaikki: ohjaus, materiaalit, poltot sek\u00e4 t\u00f6iden lasitus.\",\"breadcrumb\":{\"@id\":\"https:\\\/\\\/www.loviisaminkkinen.com\\\/index.php\\\/tuote\\\/konkareiden-paja-ti-12-5-klo-17-20\\\/#breadcrumb\"},\"inLanguage\":\"fi\",\"potentialAction\":[{\"@type\":\"ReadAction\",\"target\":[\"https:\\\/\\\/www.loviisaminkkinen.com\\\/index.php\\\/tuote\\\/konkareiden-paja-ti-12-5-klo-17-20\\\/\"]}]},{\"@type\":\"ImageObject\",\"inLanguage\":\"fi\",\"@id\":\"https:\\\/\\\/www.loviisaminkkinen.com\\\/index.php\\\/tuote\\\/konkareiden-paja-ti-12-5-klo-17-20\\\/#primaryimage\",\"url\":\"https:\\\/\\\/www.loviisaminkkinen.com\\\/wp-content\\\/uploads\\\/2025\\\/08\\\/loviisa-1-22-scaled.webp\",\"contentUrl\":\"https:\\\/\\\/www.loviisaminkkinen.com\\\/wp-content\\\/uploads\\\/2025\\\/08\\\/loviisa-1-22-scaled.webp\",\"width\":1440,\"height\":2560},{\"@type\":\"BreadcrumbList\",\"@id\":\"https:\\\/\\\/www.loviisaminkkinen.com\\\/index.php\\\/tuote\\\/konkareiden-paja-ti-12-5-klo-17-20\\\/#breadcrumb\",\"itemListElement\":[{\"@type\":\"ListItem\",\"position\":1,\"name\":\"Etusivu\",\"item\":\"https:\\\/\\\/www.loviisaminkkinen.com\\\/\"},{\"@type\":\"ListItem\",\"position\":2,\"name\":\"Keramiikurssit ja keramiikkataidetta Jyv\u00e4skyl\u00e4ss\u00e4\",\"item\":\"https:\\\/\\\/www.loviisaminkkinen.com\\\/\"},{\"@type\":\"ListItem\",\"position\":3,\"name\":\"Konkareiden paja ti 12.5. klo 17-20\"}]},{\"@type\":\"WebSite\",\"@id\":\"https:\\\/\\\/www.loviisaminkkinen.com\\\/#website\",\"url\":\"https:\\\/\\\/www.loviisaminkkinen.com\\\/\",\"name\":\"Loviisan luova tila\",\"description\":\"Keramiikka Jyv&auml;skyl&auml;\",\"publisher\":{\"@id\":\"https:\\\/\\\/www.loviisaminkkinen.com\\\/#organization\"},\"potentialAction\":[{\"@type\":\"SearchAction\",\"target\":{\"@type\":\"EntryPoint\",\"urlTemplate\":\"https:\\\/\\\/www.loviisaminkkinen.com\\\/?s={search_term_string}\"},\"query-input\":{\"@type\":\"PropertyValueSpecification\",\"valueRequired\":true,\"valueName\":\"search_term_string\"}}],\"inLanguage\":\"fi\"},{\"@type\":\"Organization\",\"@id\":\"https:\\\/\\\/www.loviisaminkkinen.com\\\/#organization\",\"name\":\"Loviisan luova tila\",\"url\":\"https:\\\/\\\/www.loviisaminkkinen.com\\\/\",\"logo\":{\"@type\":\"ImageObject\",\"inLanguage\":\"fi\",\"@id\":\"https:\\\/\\\/www.loviisaminkkinen.com\\\/#\\\/schema\\\/logo\\\/image\\\/\",\"url\":\"https:\\\/\\\/www.loviisaminkkinen.com\\\/wp-content\\\/uploads\\\/2025\\\/03\\\/cropped-IMG_1747.png\",\"contentUrl\":\"https:\\\/\\\/www.loviisaminkkinen.com\\\/wp-content\\\/uploads\\\/2025\\\/03\\\/cropped-IMG_1747.png\",\"width\":2999,\"height\":2765,\"caption\":\"Loviisan luova tila\"},\"image\":{\"@id\":\"https:\\\/\\\/www.loviisaminkkinen.com\\\/#\\\/schema\\\/logo\\\/image\\\/\"},\"sameAs\":[\"https:\\\/\\\/www.facebook.com\\\/Loviisan-luova-tila-61564677072092\\\/?hr=1\",\"https:\\\/\\\/www.instagram.com\\\/loviisaminkkinen\"]}]}<\/script>\n<!-- \/ Yoast SEO plugin. -->","yoast_head_json":{"title":"Konkareiden paja ti 12.5. klo 17-20 - Loviisan luova tila","description":"Tule kokeilemaan keramiikkaa teemattomaan avoimeen pajaan, jossa hintaan kuuluu kaikki: ohjaus, materiaalit, poltot sek\u00e4 t\u00f6iden lasitus.","robots":{"index":"index","follow":"follow","max-snippet":"max-snippet:-1","max-image-preview":"max-image-preview:large","max-video-preview":"max-video-preview:-1"},"canonical":"https:\/\/www.loviisaminkkinen.com\/index.php\/tuote\/konkareiden-paja-ti-12-5-klo-17-20\/","og_locale":"fi_FI","og_type":"article","og_title":"Konkareiden paja ti 12.5. klo 17-20 - Loviisan luova tila","og_description":"Tule kokeilemaan keramiikkaa teemattomaan avoimeen pajaan, jossa hintaan kuuluu kaikki: ohjaus, materiaalit, poltot sek\u00e4 t\u00f6iden lasitus.","og_url":"https:\/\/www.loviisaminkkinen.com\/index.php\/tuote\/konkareiden-paja-ti-12-5-klo-17-20\/","og_site_name":"Loviisan luova tila","article_publisher":"https:\/\/www.facebook.com\/Loviisan-luova-tila-61564677072092\/?hr=1","article_modified_time":"2026-04-14T06:22:53+00:00","og_image":[{"width":1440,"height":2560,"url":"https:\/\/www.loviisaminkkinen.com\/wp-content\/uploads\/2025\/08\/loviisa-1-22-scaled.webp","type":"image\/jpeg"}],"twitter_card":"summary_large_image","twitter_misc":{"Arvioitu lukuaika":"1 minuutti"},"schema":{"@context":"https:\/\/schema.org","@graph":[{"@type":"WebPage","@id":"https:\/\/www.loviisaminkkinen.com\/index.php\/tuote\/konkareiden-paja-ti-12-5-klo-17-20\/","url":"https:\/\/www.loviisaminkkinen.com\/index.php\/tuote\/konkareiden-paja-ti-12-5-klo-17-20\/","name":"Konkareiden paja ti 12.5. klo 17-20 - Loviisan luova tila","isPartOf":{"@id":"https:\/\/www.loviisaminkkinen.com\/#website"},"primaryImageOfPage":{"@id":"https:\/\/www.loviisaminkkinen.com\/index.php\/tuote\/konkareiden-paja-ti-12-5-klo-17-20\/#primaryimage"},"image":{"@id":"https:\/\/www.loviisaminkkinen.com\/index.php\/tuote\/konkareiden-paja-ti-12-5-klo-17-20\/#primaryimage"},"thumbnailUrl":"https:\/\/www.loviisaminkkinen.com\/wp-content\/uploads\/2025\/08\/loviisa-1-22-scaled.webp","datePublished":"2026-03-24T12:25:02+00:00","dateModified":"2026-04-14T06:22:53+00:00","description":"Tule kokeilemaan keramiikkaa teemattomaan avoimeen pajaan, jossa hintaan kuuluu kaikki: ohjaus, materiaalit, poltot sek\u00e4 t\u00f6iden lasitus.","breadcrumb":{"@id":"https:\/\/www.loviisaminkkinen.com\/index.php\/tuote\/konkareiden-paja-ti-12-5-klo-17-20\/#breadcrumb"},"inLanguage":"fi","potentialAction":[{"@type":"ReadAction","target":["https:\/\/www.loviisaminkkinen.com\/index.php\/tuote\/konkareiden-paja-ti-12-5-klo-17-20\/"]}]},{"@type":"ImageObject","inLanguage":"fi","@id":"https:\/\/www.loviisaminkkinen.com\/index.php\/tuote\/konkareiden-paja-ti-12-5-klo-17-20\/#primaryimage","url":"https:\/\/www.loviisaminkkinen.com\/wp-content\/uploads\/2025\/08\/loviisa-1-22-scaled.webp","contentUrl":"https:\/\/www.loviisaminkkinen.com\/wp-content\/uploads\/2025\/08\/loviisa-1-22-scaled.webp","width":1440,"height":2560},{"@type":"BreadcrumbList","@id":"https:\/\/www.loviisaminkkinen.com\/index.php\/tuote\/konkareiden-paja-ti-12-5-klo-17-20\/#breadcrumb","itemListElement":[{"@type":"ListItem","position":1,"name":"Etusivu","item":"https:\/\/www.loviisaminkkinen.com\/"},{"@type":"ListItem","position":2,"name":"Keramiikurssit ja keramiikkataidetta Jyv\u00e4skyl\u00e4ss\u00e4","item":"https:\/\/www.loviisaminkkinen.com\/"},{"@type":"ListItem","position":3,"name":"Konkareiden paja ti 12.5. klo 17-20"}]},{"@type":"WebSite","@id":"https:\/\/www.loviisaminkkinen.com\/#website","url":"https:\/\/www.loviisaminkkinen.com\/","name":"Loviisan luova tila","description":"Keramiikka Jyv&auml;skyl&auml;","publisher":{"@id":"https:\/\/www.loviisaminkkinen.com\/#organization"},"potentialAction":[{"@type":"SearchAction","target":{"@type":"EntryPoint","urlTemplate":"https:\/\/www.loviisaminkkinen.com\/?s={search_term_string}"},"query-input":{"@type":"PropertyValueSpecification","valueRequired":true,"valueName":"search_term_string"}}],"inLanguage":"fi"},{"@type":"Organization","@id":"https:\/\/www.loviisaminkkinen.com\/#organization","name":"Loviisan luova tila","url":"https:\/\/www.loviisaminkkinen.com\/","logo":{"@type":"ImageObject","inLanguage":"fi","@id":"https:\/\/www.loviisaminkkinen.com\/#\/schema\/logo\/image\/","url":"https:\/\/www.loviisaminkkinen.com\/wp-content\/uploads\/2025\/03\/cropped-IMG_1747.png","contentUrl":"https:\/\/www.loviisaminkkinen.com\/wp-content\/uploads\/2025\/03\/cropped-IMG_1747.png","width":2999,"height":2765,"caption":"Loviisan luova tila"},"image":{"@id":"https:\/\/www.loviisaminkkinen.com\/#\/schema\/logo\/image\/"},"sameAs":["https:\/\/www.facebook.com\/Loviisan-luova-tila-61564677072092\/?hr=1","https:\/\/www.instagram.com\/loviisaminkkinen"]}]}},"_links":{"self":[{"href":"https:\/\/www.loviisaminkkinen.com\/index.php\/wp-json\/wp\/v2\/product\/4169","targetHints":{"allow":["GET"]}}],"collection":[{"href":"https:\/\/www.loviisaminkkinen.com\/index.php\/wp-json\/wp\/v2\/product"}],"about":[{"href":"https:\/\/www.loviisaminkkinen.com\/index.php\/wp-json\/wp\/v2\/types\/product"}],"wp:featuredmedia":[{"embeddable":true,"href":"https:\/\/www.loviisaminkkinen.com\/index.php\/wp-json\/wp\/v2\/media\/3160"}],"wp:attachment":[{"href":"https:\/\/www.loviisaminkkinen.com\/index.php\/wp-json\/wp\/v2\/media?parent=4169"}],"wp:term":[{"taxonomy":"product_brand","embeddable":true,"href":"https:\/\/www.loviisaminkkinen.com\/index.php\/wp-json\/wp\/v2\/product_brand?post=4169"},{"taxonomy":"product_cat","embeddable":true,"href":"https:\/\/www.loviisaminkkinen.com\/index.php\/wp-json\/wp\/v2\/product_cat?post=4169"},{"taxonomy":"product_tag","embeddable":true,"href":"https:\/\/www.loviisaminkkinen.com\/index.php\/wp-json\/wp\/v2\/product_tag?post=4169"}],"curies":[{"name":"wp","href":"https:\/\/api.w.org\/{rel}","templated":true}]}}