{"id":4195,"date":"2026-03-24T16:14:50","date_gmt":"2026-03-24T14:14:50","guid":{"rendered":"https:\/\/www.loviisaminkkinen.com\/?post_type=product&#038;p=4195"},"modified":"2026-04-07T12:06:09","modified_gmt":"2026-04-07T09:06:09","slug":"keramiikkamaraton-su-3-5-klo-12-18","status":"publish","type":"product","link":"https:\/\/www.loviisaminkkinen.com\/index.php\/tuote\/keramiikkamaraton-su-3-5-klo-12-18\/","title":{"rendered":"KERAMIIKKAMARATON Su 3.5. Klo 12-18"},"content":{"rendered":"","protected":false},"excerpt":{"rendered":"<p>T\u00e4ll\u00e4 p\u00e4iv\u00e4kurssilla ty\u00f6nnet\u00e4\u00e4n k\u00e4det saveen toden teolla! P\u00e4iv\u00e4 sis\u00e4lt\u00e4\u00e4 viisi tuntia ty\u00f6skentely\u00e4 sek\u00e4 ruokatauon Minna Bakesin loihtimilla herkuilla.<\/p>\n<p>Paikalla on kaksi ohjaajaa, jotta kukin saa tarvitsemaansa apua ja p\u00e4\u00e4see vauhtiin. Aluksi jokainen halukas saa henkil\u00f6kohtaisen hetken ohjaajan kanssa kartoittaakseen suunnitelmiaan ja toiveitaan. Aloittelijoille tarjotaan ohjeistus pajan toimintatapoihin ja keramiikan perustekniikoihin, konkarit p\u00e4\u00e4sev\u00e4t heti vauhtiin!<\/p>\n<p>Noin klo 14 nautitaan Minna Bakesin lounas ja ty\u00f6skentely\u00e4 jatketaan ruuan j\u00e4lkeen aina klo 18 saakka. Ty\u00f6skentely\u00e4 saa my\u00f6s tauottaa mielens\u00e4 mukaan, talon tupa on k\u00e4yt\u00f6ss\u00e4 t\u00e4t\u00e4 varten. Koko p\u00e4iv\u00e4n ajan tarjolla on kahvi- ja teetarjoilu. Iltap\u00e4iv\u00e4ll\u00e4 kahvin ja teen lis\u00e4ksi tarjoillaan my\u00f6s j\u00e4lkiruokaleivos!<\/p>\n<p>Ilmoitathan ilmoittautumisen lis\u00e4tiedoissa mahdollisista erikoisruokavalioista tai allergioista.<\/p>\n<p>PS. SARJAKORTTILAISET nauttivat 40\u20ac:n alennuksesta kurssilla. Koko kurssin hintaa ei voi lunastaa sarjakortilla.<\/p>\n","protected":false},"featured_media":3158,"template":"","meta":[],"product_brand":[],"product_cat":[15],"product_tag":[],"class_list":{"0":"post-4195","1":"product","2":"type-product","3":"status-publish","4":"has-post-thumbnail","6":"product_cat-keramiikkakurssit","8":"first","9":"instock","10":"taxable","11":"shipping-taxable","12":"purchasable","13":"product-type-variable"},"yoast_head":"<!-- This site is optimized with the Yoast SEO plugin v27.4 - https:\/\/yoast.com\/product\/yoast-seo-wordpress\/ -->\n<title>KERAMIIKKAMARATON Su 3.5. Klo 12-18 - Loviisan luova tila<\/title>\n<meta name=\"description\" content=\"Tule kokeilemaan keramiikkaa avoimeen pajaan, teeman mukaiselle keramiikkakurssille tai varaa yksityinen keramiikka- tai taidekurssi\" \/>\n<meta name=\"robots\" content=\"index, follow, max-snippet:-1, max-image-preview:large, max-video-preview:-1\" \/>\n<link rel=\"canonical\" href=\"https:\/\/www.loviisaminkkinen.com\/index.php\/tuote\/keramiikkamaraton-su-3-5-klo-12-18\/\" \/>\n<meta property=\"og:locale\" content=\"fi_FI\" \/>\n<meta property=\"og:type\" content=\"article\" \/>\n<meta property=\"og:title\" content=\"KERAMIIKKAMARATON Su 3.5. Klo 12-18 - Loviisan luova tila\" \/>\n<meta property=\"og:description\" content=\"Tule kokeilemaan keramiikkaa avoimeen pajaan, teeman mukaiselle keramiikkakurssille tai varaa yksityinen keramiikka- tai taidekurssi\" \/>\n<meta property=\"og:url\" content=\"https:\/\/www.loviisaminkkinen.com\/index.php\/tuote\/keramiikkamaraton-su-3-5-klo-12-18\/\" \/>\n<meta property=\"og:site_name\" content=\"Loviisan luova tila\" \/>\n<meta property=\"article:publisher\" content=\"https:\/\/www.facebook.com\/Loviisan-luova-tila-61564677072092\/?hr=1\" \/>\n<meta property=\"article:modified_time\" content=\"2026-04-07T09:06:09+00:00\" \/>\n<meta property=\"og:image\" content=\"https:\/\/www.loviisaminkkinen.com\/wp-content\/uploads\/2025\/08\/DSC_2306-scaled-e1766056828199.webp\" \/>\n\t<meta property=\"og:image:width\" content=\"1440\" \/>\n\t<meta property=\"og:image:height\" content=\"2057\" \/>\n\t<meta property=\"og:image:type\" content=\"image\/jpeg\" \/>\n<meta name=\"twitter:card\" content=\"summary_large_image\" \/>\n<meta name=\"twitter:label1\" content=\"Arvioitu lukuaika\" \/>\n\t<meta name=\"twitter:data1\" content=\"1 minuutti\" \/>\n<script type=\"application\/ld+json\" class=\"yoast-schema-graph\">{\"@context\":\"https:\\\/\\\/schema.org\",\"@graph\":[{\"@type\":\"WebPage\",\"@id\":\"https:\\\/\\\/www.loviisaminkkinen.com\\\/index.php\\\/tuote\\\/keramiikkamaraton-su-3-5-klo-12-18\\\/\",\"url\":\"https:\\\/\\\/www.loviisaminkkinen.com\\\/index.php\\\/tuote\\\/keramiikkamaraton-su-3-5-klo-12-18\\\/\",\"name\":\"KERAMIIKKAMARATON Su 3.5. Klo 12-18 - Loviisan luova tila\",\"isPartOf\":{\"@id\":\"https:\\\/\\\/www.loviisaminkkinen.com\\\/#website\"},\"primaryImageOfPage\":{\"@id\":\"https:\\\/\\\/www.loviisaminkkinen.com\\\/index.php\\\/tuote\\\/keramiikkamaraton-su-3-5-klo-12-18\\\/#primaryimage\"},\"image\":{\"@id\":\"https:\\\/\\\/www.loviisaminkkinen.com\\\/index.php\\\/tuote\\\/keramiikkamaraton-su-3-5-klo-12-18\\\/#primaryimage\"},\"thumbnailUrl\":\"https:\\\/\\\/www.loviisaminkkinen.com\\\/wp-content\\\/uploads\\\/2025\\\/08\\\/DSC_2306-scaled-e1766056828199.webp\",\"datePublished\":\"2026-03-24T14:14:50+00:00\",\"dateModified\":\"2026-04-07T09:06:09+00:00\",\"description\":\"Tule kokeilemaan keramiikkaa avoimeen pajaan, teeman mukaiselle keramiikkakurssille tai varaa yksityinen keramiikka- tai taidekurssi\",\"breadcrumb\":{\"@id\":\"https:\\\/\\\/www.loviisaminkkinen.com\\\/index.php\\\/tuote\\\/keramiikkamaraton-su-3-5-klo-12-18\\\/#breadcrumb\"},\"inLanguage\":\"fi\",\"potentialAction\":[{\"@type\":\"ReadAction\",\"target\":[\"https:\\\/\\\/www.loviisaminkkinen.com\\\/index.php\\\/tuote\\\/keramiikkamaraton-su-3-5-klo-12-18\\\/\"]}]},{\"@type\":\"ImageObject\",\"inLanguage\":\"fi\",\"@id\":\"https:\\\/\\\/www.loviisaminkkinen.com\\\/index.php\\\/tuote\\\/keramiikkamaraton-su-3-5-klo-12-18\\\/#primaryimage\",\"url\":\"https:\\\/\\\/www.loviisaminkkinen.com\\\/wp-content\\\/uploads\\\/2025\\\/08\\\/DSC_2306-scaled-e1766056828199.webp\",\"contentUrl\":\"https:\\\/\\\/www.loviisaminkkinen.com\\\/wp-content\\\/uploads\\\/2025\\\/08\\\/DSC_2306-scaled-e1766056828199.webp\",\"width\":1440,\"height\":2057},{\"@type\":\"BreadcrumbList\",\"@id\":\"https:\\\/\\\/www.loviisaminkkinen.com\\\/index.php\\\/tuote\\\/keramiikkamaraton-su-3-5-klo-12-18\\\/#breadcrumb\",\"itemListElement\":[{\"@type\":\"ListItem\",\"position\":1,\"name\":\"Etusivu\",\"item\":\"https:\\\/\\\/www.loviisaminkkinen.com\\\/\"},{\"@type\":\"ListItem\",\"position\":2,\"name\":\"Keramiikurssit ja keramiikkataidetta Jyv\u00e4skyl\u00e4ss\u00e4\",\"item\":\"https:\\\/\\\/www.loviisaminkkinen.com\\\/\"},{\"@type\":\"ListItem\",\"position\":3,\"name\":\"KERAMIIKKAMARATON Su 3.5. Klo 12-18\"}]},{\"@type\":\"WebSite\",\"@id\":\"https:\\\/\\\/www.loviisaminkkinen.com\\\/#website\",\"url\":\"https:\\\/\\\/www.loviisaminkkinen.com\\\/\",\"name\":\"Loviisan luova tila\",\"description\":\"Keramiikka Jyv&auml;skyl&auml;\",\"publisher\":{\"@id\":\"https:\\\/\\\/www.loviisaminkkinen.com\\\/#organization\"},\"potentialAction\":[{\"@type\":\"SearchAction\",\"target\":{\"@type\":\"EntryPoint\",\"urlTemplate\":\"https:\\\/\\\/www.loviisaminkkinen.com\\\/?s={search_term_string}\"},\"query-input\":{\"@type\":\"PropertyValueSpecification\",\"valueRequired\":true,\"valueName\":\"search_term_string\"}}],\"inLanguage\":\"fi\"},{\"@type\":\"Organization\",\"@id\":\"https:\\\/\\\/www.loviisaminkkinen.com\\\/#organization\",\"name\":\"Loviisan luova tila\",\"url\":\"https:\\\/\\\/www.loviisaminkkinen.com\\\/\",\"logo\":{\"@type\":\"ImageObject\",\"inLanguage\":\"fi\",\"@id\":\"https:\\\/\\\/www.loviisaminkkinen.com\\\/#\\\/schema\\\/logo\\\/image\\\/\",\"url\":\"https:\\\/\\\/www.loviisaminkkinen.com\\\/wp-content\\\/uploads\\\/2025\\\/03\\\/cropped-IMG_1747.png\",\"contentUrl\":\"https:\\\/\\\/www.loviisaminkkinen.com\\\/wp-content\\\/uploads\\\/2025\\\/03\\\/cropped-IMG_1747.png\",\"width\":2999,\"height\":2765,\"caption\":\"Loviisan luova tila\"},\"image\":{\"@id\":\"https:\\\/\\\/www.loviisaminkkinen.com\\\/#\\\/schema\\\/logo\\\/image\\\/\"},\"sameAs\":[\"https:\\\/\\\/www.facebook.com\\\/Loviisan-luova-tila-61564677072092\\\/?hr=1\",\"https:\\\/\\\/www.instagram.com\\\/loviisaminkkinen\"]}]}<\/script>\n<!-- \/ Yoast SEO plugin. -->","yoast_head_json":{"title":"KERAMIIKKAMARATON Su 3.5. Klo 12-18 - Loviisan luova tila","description":"Tule kokeilemaan keramiikkaa avoimeen pajaan, teeman mukaiselle keramiikkakurssille tai varaa yksityinen keramiikka- tai taidekurssi","robots":{"index":"index","follow":"follow","max-snippet":"max-snippet:-1","max-image-preview":"max-image-preview:large","max-video-preview":"max-video-preview:-1"},"canonical":"https:\/\/www.loviisaminkkinen.com\/index.php\/tuote\/keramiikkamaraton-su-3-5-klo-12-18\/","og_locale":"fi_FI","og_type":"article","og_title":"KERAMIIKKAMARATON Su 3.5. Klo 12-18 - Loviisan luova tila","og_description":"Tule kokeilemaan keramiikkaa avoimeen pajaan, teeman mukaiselle keramiikkakurssille tai varaa yksityinen keramiikka- tai taidekurssi","og_url":"https:\/\/www.loviisaminkkinen.com\/index.php\/tuote\/keramiikkamaraton-su-3-5-klo-12-18\/","og_site_name":"Loviisan luova tila","article_publisher":"https:\/\/www.facebook.com\/Loviisan-luova-tila-61564677072092\/?hr=1","article_modified_time":"2026-04-07T09:06:09+00:00","og_image":[{"width":1440,"height":2057,"url":"https:\/\/www.loviisaminkkinen.com\/wp-content\/uploads\/2025\/08\/DSC_2306-scaled-e1766056828199.webp","type":"image\/jpeg"}],"twitter_card":"summary_large_image","twitter_misc":{"Arvioitu lukuaika":"1 minuutti"},"schema":{"@context":"https:\/\/schema.org","@graph":[{"@type":"WebPage","@id":"https:\/\/www.loviisaminkkinen.com\/index.php\/tuote\/keramiikkamaraton-su-3-5-klo-12-18\/","url":"https:\/\/www.loviisaminkkinen.com\/index.php\/tuote\/keramiikkamaraton-su-3-5-klo-12-18\/","name":"KERAMIIKKAMARATON Su 3.5. Klo 12-18 - Loviisan luova tila","isPartOf":{"@id":"https:\/\/www.loviisaminkkinen.com\/#website"},"primaryImageOfPage":{"@id":"https:\/\/www.loviisaminkkinen.com\/index.php\/tuote\/keramiikkamaraton-su-3-5-klo-12-18\/#primaryimage"},"image":{"@id":"https:\/\/www.loviisaminkkinen.com\/index.php\/tuote\/keramiikkamaraton-su-3-5-klo-12-18\/#primaryimage"},"thumbnailUrl":"https:\/\/www.loviisaminkkinen.com\/wp-content\/uploads\/2025\/08\/DSC_2306-scaled-e1766056828199.webp","datePublished":"2026-03-24T14:14:50+00:00","dateModified":"2026-04-07T09:06:09+00:00","description":"Tule kokeilemaan keramiikkaa avoimeen pajaan, teeman mukaiselle keramiikkakurssille tai varaa yksityinen keramiikka- tai taidekurssi","breadcrumb":{"@id":"https:\/\/www.loviisaminkkinen.com\/index.php\/tuote\/keramiikkamaraton-su-3-5-klo-12-18\/#breadcrumb"},"inLanguage":"fi","potentialAction":[{"@type":"ReadAction","target":["https:\/\/www.loviisaminkkinen.com\/index.php\/tuote\/keramiikkamaraton-su-3-5-klo-12-18\/"]}]},{"@type":"ImageObject","inLanguage":"fi","@id":"https:\/\/www.loviisaminkkinen.com\/index.php\/tuote\/keramiikkamaraton-su-3-5-klo-12-18\/#primaryimage","url":"https:\/\/www.loviisaminkkinen.com\/wp-content\/uploads\/2025\/08\/DSC_2306-scaled-e1766056828199.webp","contentUrl":"https:\/\/www.loviisaminkkinen.com\/wp-content\/uploads\/2025\/08\/DSC_2306-scaled-e1766056828199.webp","width":1440,"height":2057},{"@type":"BreadcrumbList","@id":"https:\/\/www.loviisaminkkinen.com\/index.php\/tuote\/keramiikkamaraton-su-3-5-klo-12-18\/#breadcrumb","itemListElement":[{"@type":"ListItem","position":1,"name":"Etusivu","item":"https:\/\/www.loviisaminkkinen.com\/"},{"@type":"ListItem","position":2,"name":"Keramiikurssit ja keramiikkataidetta Jyv\u00e4skyl\u00e4ss\u00e4","item":"https:\/\/www.loviisaminkkinen.com\/"},{"@type":"ListItem","position":3,"name":"KERAMIIKKAMARATON Su 3.5. Klo 12-18"}]},{"@type":"WebSite","@id":"https:\/\/www.loviisaminkkinen.com\/#website","url":"https:\/\/www.loviisaminkkinen.com\/","name":"Loviisan luova tila","description":"Keramiikka Jyv&auml;skyl&auml;","publisher":{"@id":"https:\/\/www.loviisaminkkinen.com\/#organization"},"potentialAction":[{"@type":"SearchAction","target":{"@type":"EntryPoint","urlTemplate":"https:\/\/www.loviisaminkkinen.com\/?s={search_term_string}"},"query-input":{"@type":"PropertyValueSpecification","valueRequired":true,"valueName":"search_term_string"}}],"inLanguage":"fi"},{"@type":"Organization","@id":"https:\/\/www.loviisaminkkinen.com\/#organization","name":"Loviisan luova tila","url":"https:\/\/www.loviisaminkkinen.com\/","logo":{"@type":"ImageObject","inLanguage":"fi","@id":"https:\/\/www.loviisaminkkinen.com\/#\/schema\/logo\/image\/","url":"https:\/\/www.loviisaminkkinen.com\/wp-content\/uploads\/2025\/03\/cropped-IMG_1747.png","contentUrl":"https:\/\/www.loviisaminkkinen.com\/wp-content\/uploads\/2025\/03\/cropped-IMG_1747.png","width":2999,"height":2765,"caption":"Loviisan luova tila"},"image":{"@id":"https:\/\/www.loviisaminkkinen.com\/#\/schema\/logo\/image\/"},"sameAs":["https:\/\/www.facebook.com\/Loviisan-luova-tila-61564677072092\/?hr=1","https:\/\/www.instagram.com\/loviisaminkkinen"]}]}},"_links":{"self":[{"href":"https:\/\/www.loviisaminkkinen.com\/index.php\/wp-json\/wp\/v2\/product\/4195","targetHints":{"allow":["GET"]}}],"collection":[{"href":"https:\/\/www.loviisaminkkinen.com\/index.php\/wp-json\/wp\/v2\/product"}],"about":[{"href":"https:\/\/www.loviisaminkkinen.com\/index.php\/wp-json\/wp\/v2\/types\/product"}],"wp:featuredmedia":[{"embeddable":true,"href":"https:\/\/www.loviisaminkkinen.com\/index.php\/wp-json\/wp\/v2\/media\/3158"}],"wp:attachment":[{"href":"https:\/\/www.loviisaminkkinen.com\/index.php\/wp-json\/wp\/v2\/media?parent=4195"}],"wp:term":[{"taxonomy":"product_brand","embeddable":true,"href":"https:\/\/www.loviisaminkkinen.com\/index.php\/wp-json\/wp\/v2\/product_brand?post=4195"},{"taxonomy":"product_cat","embeddable":true,"href":"https:\/\/www.loviisaminkkinen.com\/index.php\/wp-json\/wp\/v2\/product_cat?post=4195"},{"taxonomy":"product_tag","embeddable":true,"href":"https:\/\/www.loviisaminkkinen.com\/index.php\/wp-json\/wp\/v2\/product_tag?post=4195"}],"curies":[{"name":"wp","href":"https:\/\/api.w.org\/{rel}","templated":true}]}}