{"id":4264,"date":"2026-04-16T22:49:43","date_gmt":"2026-04-16T19:49:43","guid":{"rendered":"https:\/\/www.loviisaminkkinen.com\/?post_type=product&#038;p=4264"},"modified":"2026-04-17T09:31:56","modified_gmt":"2026-04-17T06:31:56","slug":"hot-mama-sugar-mama-mukit","status":"publish","type":"product","link":"https:\/\/www.loviisaminkkinen.com\/index.php\/tuote\/hot-mama-sugar-mama-mukit\/","title":{"rendered":"HOT MAMA &#038; SUGAR MAMA &#8211; mukit"},"content":{"rendered":"","protected":false},"excerpt":{"rendered":"<p>Hot mama &amp; Sugar mama -mukimallisto syntyi kahden naisyritt\u00e4j\u00e4n yhteisty\u00f6n\u00e4.<\/p>\n<p>Minna ja Loviisa halusivat luoda jotain,<br \/>\njoka tuo esiin sen upean naisen, joka meiss\u00e4 kaikissa on.<\/p>\n<p><strong>Hot mama<\/strong>\u00a0kuvaa energiaa ja identiteetti\u00e4, joka el\u00e4\u00e4 meiss\u00e4 jokaisessa. Se on rohkeutta, voimaa ja varmuutta, riippumatta siit\u00e4 milt\u00e4 n\u00e4yt\u00e4t tai mit\u00e4 sulla on p\u00e4\u00e4ll\u00e4.<\/p>\n<p><strong>Sugar mama<\/strong>\u00a0taas on moderni vastine sugar daddylle. Se kuvastaa naista, joka pit\u00e4\u00e4 arjen py\u00f6rim\u00e4ss\u00e4 \u2013 maksaa harrastukset, t\u00e4ytt\u00e4\u00e4 j\u00e4\u00e4kaapin, hoitaa talouden ja mahdollistaa my\u00f6s hemmotteluhetket.<\/p>\n<p><strong>K\u00e4sintehty Jyv\u00e4skyl\u00e4ss\u00e4<\/strong><\/p>\n<p>Mukit valmistetaan k\u00e4sity\u00f6n\u00e4 Loviisan keramiikkastudiolla Tikkakoskella.<br \/>\nJokainen muki on uniikki. Tilavuus 3 dl.<\/p>\n<p>Mukit on tehty korkeapolttoisesta savesta ja elintarvikekelpoisesta lasitteesta, ja ne kest\u00e4v\u00e4t arkik\u00e4ytt\u00f6\u00e4, konepesua ja mikroa.<br \/>\nPohjasta l\u00f6ytyy molempien tekij\u00f6iden signeeraus.<\/p>\n<p><strong>\u00c4itienp\u00e4iv\u00e4n erikoiser\u00e4<\/strong><\/p>\n<p>Mukimallisto on ennakkomyynniss\u00e4 \u00e4itienp\u00e4iv\u00e4n kunniaksi Minna Bakesin sek\u00e4 Loviisan Luovan tilan verkkokaupoissa.<\/p>\n<p><strong>Tilaa muki viimeist\u00e4\u00e4n 30.4. jos haluat sen \u00e4itienp\u00e4iv\u00e4ksi.<\/strong><\/p>\n<p>Nouto leipomolta 7.5. alkaen: <a href=\"https:\/\/www.minnabakes.com\/tuote\/minna-bakes-merch\/hot-mama-muki\/?fbclid=PAT01DUAROHEdleHRuA2FlbQIxMABzcnRjBmFwcF9pZA81NjcwNjczNDMzNTI0MjcAAafct6f6VvFSgnfCUy1qk0QVIgyQd8-dUIPyuqFaEgNJQ2rGTCt1vAkwEaPBcA_aem_y8cf8t9-84fbGm8uPvPo_A\">tilaa muki Minna Bakesin verkkokaupasta.<\/a><\/p>\n<p>Nouto Loviisan luovalta tilalta 7.5. alkaen: valitse ostoskorissa nouto 0\u20ac.<\/p>\n<p>Huom: Postitukset (9,90\u20ac) l\u00e4hetet\u00e4\u00e4n maanantaina 4.5.<\/p>\n<p>Juhli kanssamme sis\u00e4ist\u00e4 (ja ulkoista) Hot mama ja Sugar mama -energiaa ja tilaa oma mukisi!<\/p>\n<p>&nbsp;<\/p>\n<p>PERSONOINTI: 26.4. asti on mahdollista personoida muki OMALLA TEKSTILL\u00c4. My\u00f6s punaisen v\u00e4rin voi j\u00e4tt\u00e4\u00e4 halutessaan pois, teksti toistuu hyvin my\u00f6s ilman v\u00e4ri\u00e4. Kassalla saat lis\u00e4tty\u00e4 muistiinpanon tilaukseesi. Kirjoita t\u00e4h\u00e4n tekstisi!<\/p>\n<p>Millaista mamaa teill\u00e4 oikein juhlitaan tulevana \u00e4itienp\u00e4iv\u00e4n\u00e4?<\/p>\n","protected":false},"featured_media":4265,"template":"","meta":[],"product_brand":[],"product_cat":[15],"product_tag":[],"class_list":{"0":"post-4264","1":"product","2":"type-product","3":"status-publish","4":"has-post-thumbnail","6":"product_cat-keramiikkakurssit","8":"first","9":"instock","10":"taxable","11":"shipping-taxable","12":"purchasable","13":"product-type-variable"},"yoast_head":"<!-- This site is optimized with the Yoast SEO plugin v27.4 - https:\/\/yoast.com\/product\/yoast-seo-wordpress\/ -->\n<title>HOT MAMA &amp; SUGAR MAMA - mukit - Loviisan luova tila<\/title>\n<meta name=\"description\" content=\"Minna Bakesin Minna ja Loviisan Luovan tilan Loviisa halusivat luoda jotain, joka tuo esiin sen upean naisen identiteetin, joka meiss\u00e4 kaikissa on.\" \/>\n<meta name=\"robots\" content=\"index, follow, max-snippet:-1, max-image-preview:large, max-video-preview:-1\" \/>\n<link rel=\"canonical\" href=\"https:\/\/www.loviisaminkkinen.com\/index.php\/tuote\/hot-mama-sugar-mama-mukit\/\" \/>\n<meta property=\"og:locale\" content=\"fi_FI\" \/>\n<meta property=\"og:type\" content=\"article\" \/>\n<meta property=\"og:title\" content=\"HOT MAMA &amp; SUGAR MAMA - mukit - Loviisan luova tila\" \/>\n<meta property=\"og:description\" content=\"Minna Bakesin Minna ja Loviisan Luovan tilan Loviisa halusivat luoda jotain, joka tuo esiin sen upean naisen identiteetin, joka meiss\u00e4 kaikissa on.\" \/>\n<meta property=\"og:url\" content=\"https:\/\/www.loviisaminkkinen.com\/index.php\/tuote\/hot-mama-sugar-mama-mukit\/\" \/>\n<meta property=\"og:site_name\" content=\"Loviisan luova tila\" \/>\n<meta property=\"article:publisher\" content=\"https:\/\/www.facebook.com\/Loviisan-luova-tila-61564677072092\/?hr=1\" \/>\n<meta property=\"article:modified_time\" content=\"2026-04-17T06:31:56+00:00\" \/>\n<meta property=\"og:image\" content=\"https:\/\/www.loviisaminkkinen.com\/wp-content\/uploads\/2026\/04\/IMG-20260414-WA0015.webp\" \/>\n\t<meta property=\"og:image:width\" content=\"1366\" \/>\n\t<meta property=\"og:image:height\" content=\"2048\" \/>\n\t<meta property=\"og:image:type\" content=\"image\/jpeg\" \/>\n<meta name=\"twitter:card\" content=\"summary_large_image\" \/>\n<meta name=\"twitter:label1\" content=\"Arvioitu lukuaika\" \/>\n\t<meta name=\"twitter:data1\" content=\"1 minuutti\" \/>\n<script type=\"application\/ld+json\" class=\"yoast-schema-graph\">{\"@context\":\"https:\\\/\\\/schema.org\",\"@graph\":[{\"@type\":\"WebPage\",\"@id\":\"https:\\\/\\\/www.loviisaminkkinen.com\\\/index.php\\\/tuote\\\/hot-mama-sugar-mama-mukit\\\/\",\"url\":\"https:\\\/\\\/www.loviisaminkkinen.com\\\/index.php\\\/tuote\\\/hot-mama-sugar-mama-mukit\\\/\",\"name\":\"HOT MAMA & SUGAR MAMA - mukit - Loviisan luova tila\",\"isPartOf\":{\"@id\":\"https:\\\/\\\/www.loviisaminkkinen.com\\\/#website\"},\"primaryImageOfPage\":{\"@id\":\"https:\\\/\\\/www.loviisaminkkinen.com\\\/index.php\\\/tuote\\\/hot-mama-sugar-mama-mukit\\\/#primaryimage\"},\"image\":{\"@id\":\"https:\\\/\\\/www.loviisaminkkinen.com\\\/index.php\\\/tuote\\\/hot-mama-sugar-mama-mukit\\\/#primaryimage\"},\"thumbnailUrl\":\"https:\\\/\\\/www.loviisaminkkinen.com\\\/wp-content\\\/uploads\\\/2026\\\/04\\\/IMG-20260414-WA0015.webp\",\"datePublished\":\"2026-04-16T19:49:43+00:00\",\"dateModified\":\"2026-04-17T06:31:56+00:00\",\"description\":\"Minna Bakesin Minna ja Loviisan Luovan tilan Loviisa halusivat luoda jotain, joka tuo esiin sen upean naisen identiteetin, joka meiss\u00e4 kaikissa on.\",\"breadcrumb\":{\"@id\":\"https:\\\/\\\/www.loviisaminkkinen.com\\\/index.php\\\/tuote\\\/hot-mama-sugar-mama-mukit\\\/#breadcrumb\"},\"inLanguage\":\"fi\",\"potentialAction\":[{\"@type\":\"ReadAction\",\"target\":[\"https:\\\/\\\/www.loviisaminkkinen.com\\\/index.php\\\/tuote\\\/hot-mama-sugar-mama-mukit\\\/\"]}]},{\"@type\":\"ImageObject\",\"inLanguage\":\"fi\",\"@id\":\"https:\\\/\\\/www.loviisaminkkinen.com\\\/index.php\\\/tuote\\\/hot-mama-sugar-mama-mukit\\\/#primaryimage\",\"url\":\"https:\\\/\\\/www.loviisaminkkinen.com\\\/wp-content\\\/uploads\\\/2026\\\/04\\\/IMG-20260414-WA0015.webp\",\"contentUrl\":\"https:\\\/\\\/www.loviisaminkkinen.com\\\/wp-content\\\/uploads\\\/2026\\\/04\\\/IMG-20260414-WA0015.webp\",\"width\":1366,\"height\":2048},{\"@type\":\"BreadcrumbList\",\"@id\":\"https:\\\/\\\/www.loviisaminkkinen.com\\\/index.php\\\/tuote\\\/hot-mama-sugar-mama-mukit\\\/#breadcrumb\",\"itemListElement\":[{\"@type\":\"ListItem\",\"position\":1,\"name\":\"Etusivu\",\"item\":\"https:\\\/\\\/www.loviisaminkkinen.com\\\/\"},{\"@type\":\"ListItem\",\"position\":2,\"name\":\"Keramiikurssit ja keramiikkataidetta Jyv\u00e4skyl\u00e4ss\u00e4\",\"item\":\"https:\\\/\\\/www.loviisaminkkinen.com\\\/\"},{\"@type\":\"ListItem\",\"position\":3,\"name\":\"HOT MAMA &#038; SUGAR MAMA &#8211; mukit\"}]},{\"@type\":\"WebSite\",\"@id\":\"https:\\\/\\\/www.loviisaminkkinen.com\\\/#website\",\"url\":\"https:\\\/\\\/www.loviisaminkkinen.com\\\/\",\"name\":\"Loviisan luova tila\",\"description\":\"Keramiikka Jyv&auml;skyl&auml;\",\"publisher\":{\"@id\":\"https:\\\/\\\/www.loviisaminkkinen.com\\\/#organization\"},\"potentialAction\":[{\"@type\":\"SearchAction\",\"target\":{\"@type\":\"EntryPoint\",\"urlTemplate\":\"https:\\\/\\\/www.loviisaminkkinen.com\\\/?s={search_term_string}\"},\"query-input\":{\"@type\":\"PropertyValueSpecification\",\"valueRequired\":true,\"valueName\":\"search_term_string\"}}],\"inLanguage\":\"fi\"},{\"@type\":\"Organization\",\"@id\":\"https:\\\/\\\/www.loviisaminkkinen.com\\\/#organization\",\"name\":\"Loviisan luova tila\",\"url\":\"https:\\\/\\\/www.loviisaminkkinen.com\\\/\",\"logo\":{\"@type\":\"ImageObject\",\"inLanguage\":\"fi\",\"@id\":\"https:\\\/\\\/www.loviisaminkkinen.com\\\/#\\\/schema\\\/logo\\\/image\\\/\",\"url\":\"https:\\\/\\\/www.loviisaminkkinen.com\\\/wp-content\\\/uploads\\\/2025\\\/03\\\/cropped-IMG_1747.png\",\"contentUrl\":\"https:\\\/\\\/www.loviisaminkkinen.com\\\/wp-content\\\/uploads\\\/2025\\\/03\\\/cropped-IMG_1747.png\",\"width\":2999,\"height\":2765,\"caption\":\"Loviisan luova tila\"},\"image\":{\"@id\":\"https:\\\/\\\/www.loviisaminkkinen.com\\\/#\\\/schema\\\/logo\\\/image\\\/\"},\"sameAs\":[\"https:\\\/\\\/www.facebook.com\\\/Loviisan-luova-tila-61564677072092\\\/?hr=1\",\"https:\\\/\\\/www.instagram.com\\\/loviisaminkkinen\"]}]}<\/script>\n<!-- \/ Yoast SEO plugin. -->","yoast_head_json":{"title":"HOT MAMA & SUGAR MAMA - mukit - Loviisan luova tila","description":"Minna Bakesin Minna ja Loviisan Luovan tilan Loviisa halusivat luoda jotain, joka tuo esiin sen upean naisen identiteetin, joka meiss\u00e4 kaikissa on.","robots":{"index":"index","follow":"follow","max-snippet":"max-snippet:-1","max-image-preview":"max-image-preview:large","max-video-preview":"max-video-preview:-1"},"canonical":"https:\/\/www.loviisaminkkinen.com\/index.php\/tuote\/hot-mama-sugar-mama-mukit\/","og_locale":"fi_FI","og_type":"article","og_title":"HOT MAMA & SUGAR MAMA - mukit - Loviisan luova tila","og_description":"Minna Bakesin Minna ja Loviisan Luovan tilan Loviisa halusivat luoda jotain, joka tuo esiin sen upean naisen identiteetin, joka meiss\u00e4 kaikissa on.","og_url":"https:\/\/www.loviisaminkkinen.com\/index.php\/tuote\/hot-mama-sugar-mama-mukit\/","og_site_name":"Loviisan luova tila","article_publisher":"https:\/\/www.facebook.com\/Loviisan-luova-tila-61564677072092\/?hr=1","article_modified_time":"2026-04-17T06:31:56+00:00","og_image":[{"width":1366,"height":2048,"url":"https:\/\/www.loviisaminkkinen.com\/wp-content\/uploads\/2026\/04\/IMG-20260414-WA0015.webp","type":"image\/jpeg"}],"twitter_card":"summary_large_image","twitter_misc":{"Arvioitu lukuaika":"1 minuutti"},"schema":{"@context":"https:\/\/schema.org","@graph":[{"@type":"WebPage","@id":"https:\/\/www.loviisaminkkinen.com\/index.php\/tuote\/hot-mama-sugar-mama-mukit\/","url":"https:\/\/www.loviisaminkkinen.com\/index.php\/tuote\/hot-mama-sugar-mama-mukit\/","name":"HOT MAMA & SUGAR MAMA - mukit - Loviisan luova tila","isPartOf":{"@id":"https:\/\/www.loviisaminkkinen.com\/#website"},"primaryImageOfPage":{"@id":"https:\/\/www.loviisaminkkinen.com\/index.php\/tuote\/hot-mama-sugar-mama-mukit\/#primaryimage"},"image":{"@id":"https:\/\/www.loviisaminkkinen.com\/index.php\/tuote\/hot-mama-sugar-mama-mukit\/#primaryimage"},"thumbnailUrl":"https:\/\/www.loviisaminkkinen.com\/wp-content\/uploads\/2026\/04\/IMG-20260414-WA0015.webp","datePublished":"2026-04-16T19:49:43+00:00","dateModified":"2026-04-17T06:31:56+00:00","description":"Minna Bakesin Minna ja Loviisan Luovan tilan Loviisa halusivat luoda jotain, joka tuo esiin sen upean naisen identiteetin, joka meiss\u00e4 kaikissa on.","breadcrumb":{"@id":"https:\/\/www.loviisaminkkinen.com\/index.php\/tuote\/hot-mama-sugar-mama-mukit\/#breadcrumb"},"inLanguage":"fi","potentialAction":[{"@type":"ReadAction","target":["https:\/\/www.loviisaminkkinen.com\/index.php\/tuote\/hot-mama-sugar-mama-mukit\/"]}]},{"@type":"ImageObject","inLanguage":"fi","@id":"https:\/\/www.loviisaminkkinen.com\/index.php\/tuote\/hot-mama-sugar-mama-mukit\/#primaryimage","url":"https:\/\/www.loviisaminkkinen.com\/wp-content\/uploads\/2026\/04\/IMG-20260414-WA0015.webp","contentUrl":"https:\/\/www.loviisaminkkinen.com\/wp-content\/uploads\/2026\/04\/IMG-20260414-WA0015.webp","width":1366,"height":2048},{"@type":"BreadcrumbList","@id":"https:\/\/www.loviisaminkkinen.com\/index.php\/tuote\/hot-mama-sugar-mama-mukit\/#breadcrumb","itemListElement":[{"@type":"ListItem","position":1,"name":"Etusivu","item":"https:\/\/www.loviisaminkkinen.com\/"},{"@type":"ListItem","position":2,"name":"Keramiikurssit ja keramiikkataidetta Jyv\u00e4skyl\u00e4ss\u00e4","item":"https:\/\/www.loviisaminkkinen.com\/"},{"@type":"ListItem","position":3,"name":"HOT MAMA &#038; SUGAR MAMA &#8211; mukit"}]},{"@type":"WebSite","@id":"https:\/\/www.loviisaminkkinen.com\/#website","url":"https:\/\/www.loviisaminkkinen.com\/","name":"Loviisan luova tila","description":"Keramiikka Jyv&auml;skyl&auml;","publisher":{"@id":"https:\/\/www.loviisaminkkinen.com\/#organization"},"potentialAction":[{"@type":"SearchAction","target":{"@type":"EntryPoint","urlTemplate":"https:\/\/www.loviisaminkkinen.com\/?s={search_term_string}"},"query-input":{"@type":"PropertyValueSpecification","valueRequired":true,"valueName":"search_term_string"}}],"inLanguage":"fi"},{"@type":"Organization","@id":"https:\/\/www.loviisaminkkinen.com\/#organization","name":"Loviisan luova tila","url":"https:\/\/www.loviisaminkkinen.com\/","logo":{"@type":"ImageObject","inLanguage":"fi","@id":"https:\/\/www.loviisaminkkinen.com\/#\/schema\/logo\/image\/","url":"https:\/\/www.loviisaminkkinen.com\/wp-content\/uploads\/2025\/03\/cropped-IMG_1747.png","contentUrl":"https:\/\/www.loviisaminkkinen.com\/wp-content\/uploads\/2025\/03\/cropped-IMG_1747.png","width":2999,"height":2765,"caption":"Loviisan luova tila"},"image":{"@id":"https:\/\/www.loviisaminkkinen.com\/#\/schema\/logo\/image\/"},"sameAs":["https:\/\/www.facebook.com\/Loviisan-luova-tila-61564677072092\/?hr=1","https:\/\/www.instagram.com\/loviisaminkkinen"]}]}},"_links":{"self":[{"href":"https:\/\/www.loviisaminkkinen.com\/index.php\/wp-json\/wp\/v2\/product\/4264","targetHints":{"allow":["GET"]}}],"collection":[{"href":"https:\/\/www.loviisaminkkinen.com\/index.php\/wp-json\/wp\/v2\/product"}],"about":[{"href":"https:\/\/www.loviisaminkkinen.com\/index.php\/wp-json\/wp\/v2\/types\/product"}],"wp:featuredmedia":[{"embeddable":true,"href":"https:\/\/www.loviisaminkkinen.com\/index.php\/wp-json\/wp\/v2\/media\/4265"}],"wp:attachment":[{"href":"https:\/\/www.loviisaminkkinen.com\/index.php\/wp-json\/wp\/v2\/media?parent=4264"}],"wp:term":[{"taxonomy":"product_brand","embeddable":true,"href":"https:\/\/www.loviisaminkkinen.com\/index.php\/wp-json\/wp\/v2\/product_brand?post=4264"},{"taxonomy":"product_cat","embeddable":true,"href":"https:\/\/www.loviisaminkkinen.com\/index.php\/wp-json\/wp\/v2\/product_cat?post=4264"},{"taxonomy":"product_tag","embeddable":true,"href":"https:\/\/www.loviisaminkkinen.com\/index.php\/wp-json\/wp\/v2\/product_tag?post=4264"}],"curies":[{"name":"wp","href":"https:\/\/api.w.org\/{rel}","templated":true}]}}