{"id":4322,"date":"2026-04-17T11:04:37","date_gmt":"2026-04-17T08:04:37","guid":{"rendered":"https:\/\/www.loviisaminkkinen.com\/?post_type=product&#038;p=4322"},"modified":"2026-04-17T12:27:05","modified_gmt":"2026-04-17T09:27:05","slug":"aikuinenlapsi-paja-su-17-5-klo-10-13","status":"publish","type":"product","link":"https:\/\/www.loviisaminkkinen.com\/index.php\/tuote\/aikuinenlapsi-paja-su-17-5-klo-10-13\/","title":{"rendered":"Aikuinen&#038;lapsi-paja su 17.5. klo 10-13"},"content":{"rendered":"","protected":false},"excerpt":{"rendered":"<p style=\"text-align: left;\">T\u00e4ll\u00e4 kurssilla edet\u00e4\u00e4n lasten tahdissa savit\u00f6iden \u00e4\u00e4rell\u00e4. Tule yhdess\u00e4 t\u00e4rke\u00e4n lapsen &#8211; oli se oma lapsi, kummilapsi, lapsenlapsi &#8211; kanssa jakamaan ainutlaatuinen hetki keramiikan parissa! \u00a0Kurssin hintaan kuuluu ohjaus, materiaalit ja tuotteiden poltot ja lasitus. Sen lis\u00e4ksi kurssilla nautitaan pieni mehutarjoilu ty\u00f6skentelyn lomassa.<\/p>\n<p style=\"text-align: left;\">Et tarvitse kokemusta tai taitoja, pelkk\u00e4 yhteinen aika ja l\u00e4sn\u00e4olo lapsen kanssa k\u00e4sit\u00f6iden \u00e4\u00e4rell\u00e4 riitt\u00e4\u00e4. Pyrin auttamaan jokaista tarpeen mukaan, jotta sek\u00e4 aikuiset, ett\u00e4 lapset kerke\u00e4isiv\u00e4t toteuttaa kurssilla jotain. Toteuttakaa siis omaa tai yhteist\u00e4, kolmen tunnin kurssi antaa joustoa ja rauhaa yhteiseen tekemiseen.<\/p>\n","protected":false},"featured_media":1562,"template":"","meta":[],"product_brand":[],"product_cat":[15],"product_tag":[],"class_list":{"0":"post-4322","1":"product","2":"type-product","3":"status-publish","4":"has-post-thumbnail","6":"product_cat-keramiikkakurssit","8":"first","9":"instock","10":"taxable","11":"shipping-taxable","12":"purchasable","13":"product-type-variable"},"yoast_head":"<!-- This site is optimized with the Yoast SEO plugin v27.4 - https:\/\/yoast.com\/product\/yoast-seo-wordpress\/ -->\n<title>Aikuinen&amp;lapsi-paja su 17.5. klo 10-13 - Loviisan luova tila<\/title>\n<meta name=\"description\" content=\"Tule yhdess\u00e4 t\u00e4rke\u00e4n lapsen - oli se oma lapsi, kummilapsi, lapsenlapsi - kanssa jakamaan ainutlaatuinen hetki keramiikan parissa!\" \/>\n<meta name=\"robots\" content=\"index, follow, max-snippet:-1, max-image-preview:large, max-video-preview:-1\" \/>\n<link rel=\"canonical\" href=\"https:\/\/www.loviisaminkkinen.com\/index.php\/tuote\/aikuinenlapsi-paja-su-17-5-klo-10-13\/\" \/>\n<meta property=\"og:locale\" content=\"fi_FI\" \/>\n<meta property=\"og:type\" content=\"article\" \/>\n<meta property=\"og:title\" content=\"Aikuinen&amp;lapsi-paja su 17.5. klo 10-13 - Loviisan luova tila\" \/>\n<meta property=\"og:description\" content=\"Tule yhdess\u00e4 t\u00e4rke\u00e4n lapsen - oli se oma lapsi, kummilapsi, lapsenlapsi - kanssa jakamaan ainutlaatuinen hetki keramiikan parissa!\" \/>\n<meta property=\"og:url\" content=\"https:\/\/www.loviisaminkkinen.com\/index.php\/tuote\/aikuinenlapsi-paja-su-17-5-klo-10-13\/\" \/>\n<meta property=\"og:site_name\" content=\"Loviisan luova tila\" \/>\n<meta property=\"article:publisher\" content=\"https:\/\/www.facebook.com\/Loviisan-luova-tila-61564677072092\/?hr=1\" \/>\n<meta property=\"article:modified_time\" content=\"2026-04-17T09:27:05+00:00\" \/>\n<meta property=\"og:image\" content=\"https:\/\/www.loviisaminkkinen.com\/wp-content\/uploads\/2024\/12\/IMG_1454-e1740137708814-784x1024.png\" \/>\n\t<meta property=\"og:image:width\" content=\"784\" \/>\n\t<meta property=\"og:image:height\" content=\"1024\" \/>\n\t<meta property=\"og:image:type\" content=\"image\/png\" \/>\n<meta name=\"twitter:card\" content=\"summary_large_image\" \/>\n<meta name=\"twitter:label1\" content=\"Arvioitu lukuaika\" \/>\n\t<meta name=\"twitter:data1\" content=\"1 minuutti\" \/>\n<script type=\"application\/ld+json\" class=\"yoast-schema-graph\">{\"@context\":\"https:\\\/\\\/schema.org\",\"@graph\":[{\"@type\":\"WebPage\",\"@id\":\"https:\\\/\\\/www.loviisaminkkinen.com\\\/index.php\\\/tuote\\\/aikuinenlapsi-paja-su-17-5-klo-10-13\\\/\",\"url\":\"https:\\\/\\\/www.loviisaminkkinen.com\\\/index.php\\\/tuote\\\/aikuinenlapsi-paja-su-17-5-klo-10-13\\\/\",\"name\":\"Aikuinen&lapsi-paja su 17.5. klo 10-13 - Loviisan luova tila\",\"isPartOf\":{\"@id\":\"https:\\\/\\\/www.loviisaminkkinen.com\\\/#website\"},\"primaryImageOfPage\":{\"@id\":\"https:\\\/\\\/www.loviisaminkkinen.com\\\/index.php\\\/tuote\\\/aikuinenlapsi-paja-su-17-5-klo-10-13\\\/#primaryimage\"},\"image\":{\"@id\":\"https:\\\/\\\/www.loviisaminkkinen.com\\\/index.php\\\/tuote\\\/aikuinenlapsi-paja-su-17-5-klo-10-13\\\/#primaryimage\"},\"thumbnailUrl\":\"https:\\\/\\\/www.loviisaminkkinen.com\\\/wp-content\\\/uploads\\\/2024\\\/12\\\/IMG_1454-e1740137708814.png\",\"datePublished\":\"2026-04-17T08:04:37+00:00\",\"dateModified\":\"2026-04-17T09:27:05+00:00\",\"description\":\"Tule yhdess\u00e4 t\u00e4rke\u00e4n lapsen - oli se oma lapsi, kummilapsi, lapsenlapsi - kanssa jakamaan ainutlaatuinen hetki keramiikan parissa!\",\"breadcrumb\":{\"@id\":\"https:\\\/\\\/www.loviisaminkkinen.com\\\/index.php\\\/tuote\\\/aikuinenlapsi-paja-su-17-5-klo-10-13\\\/#breadcrumb\"},\"inLanguage\":\"fi\",\"potentialAction\":[{\"@type\":\"ReadAction\",\"target\":[\"https:\\\/\\\/www.loviisaminkkinen.com\\\/index.php\\\/tuote\\\/aikuinenlapsi-paja-su-17-5-klo-10-13\\\/\"]}]},{\"@type\":\"ImageObject\",\"inLanguage\":\"fi\",\"@id\":\"https:\\\/\\\/www.loviisaminkkinen.com\\\/index.php\\\/tuote\\\/aikuinenlapsi-paja-su-17-5-klo-10-13\\\/#primaryimage\",\"url\":\"https:\\\/\\\/www.loviisaminkkinen.com\\\/wp-content\\\/uploads\\\/2024\\\/12\\\/IMG_1454-e1740137708814.png\",\"contentUrl\":\"https:\\\/\\\/www.loviisaminkkinen.com\\\/wp-content\\\/uploads\\\/2024\\\/12\\\/IMG_1454-e1740137708814.png\",\"width\":1922,\"height\":2510,\"caption\":\"Keramiikkakurssilla ty\u00f6stettyj\u00e4 savit\u00f6it\u00e4\"},{\"@type\":\"BreadcrumbList\",\"@id\":\"https:\\\/\\\/www.loviisaminkkinen.com\\\/index.php\\\/tuote\\\/aikuinenlapsi-paja-su-17-5-klo-10-13\\\/#breadcrumb\",\"itemListElement\":[{\"@type\":\"ListItem\",\"position\":1,\"name\":\"Etusivu\",\"item\":\"https:\\\/\\\/www.loviisaminkkinen.com\\\/\"},{\"@type\":\"ListItem\",\"position\":2,\"name\":\"Keramiikurssit ja keramiikkataidetta Jyv\u00e4skyl\u00e4ss\u00e4\",\"item\":\"https:\\\/\\\/www.loviisaminkkinen.com\\\/\"},{\"@type\":\"ListItem\",\"position\":3,\"name\":\"Aikuinen&#038;lapsi-paja su 17.5. klo 10-13\"}]},{\"@type\":\"WebSite\",\"@id\":\"https:\\\/\\\/www.loviisaminkkinen.com\\\/#website\",\"url\":\"https:\\\/\\\/www.loviisaminkkinen.com\\\/\",\"name\":\"Loviisan luova tila\",\"description\":\"Keramiikka Jyv&auml;skyl&auml;\",\"publisher\":{\"@id\":\"https:\\\/\\\/www.loviisaminkkinen.com\\\/#organization\"},\"potentialAction\":[{\"@type\":\"SearchAction\",\"target\":{\"@type\":\"EntryPoint\",\"urlTemplate\":\"https:\\\/\\\/www.loviisaminkkinen.com\\\/?s={search_term_string}\"},\"query-input\":{\"@type\":\"PropertyValueSpecification\",\"valueRequired\":true,\"valueName\":\"search_term_string\"}}],\"inLanguage\":\"fi\"},{\"@type\":\"Organization\",\"@id\":\"https:\\\/\\\/www.loviisaminkkinen.com\\\/#organization\",\"name\":\"Loviisan luova tila\",\"url\":\"https:\\\/\\\/www.loviisaminkkinen.com\\\/\",\"logo\":{\"@type\":\"ImageObject\",\"inLanguage\":\"fi\",\"@id\":\"https:\\\/\\\/www.loviisaminkkinen.com\\\/#\\\/schema\\\/logo\\\/image\\\/\",\"url\":\"https:\\\/\\\/www.loviisaminkkinen.com\\\/wp-content\\\/uploads\\\/2025\\\/03\\\/cropped-IMG_1747.png\",\"contentUrl\":\"https:\\\/\\\/www.loviisaminkkinen.com\\\/wp-content\\\/uploads\\\/2025\\\/03\\\/cropped-IMG_1747.png\",\"width\":2999,\"height\":2765,\"caption\":\"Loviisan luova tila\"},\"image\":{\"@id\":\"https:\\\/\\\/www.loviisaminkkinen.com\\\/#\\\/schema\\\/logo\\\/image\\\/\"},\"sameAs\":[\"https:\\\/\\\/www.facebook.com\\\/Loviisan-luova-tila-61564677072092\\\/?hr=1\",\"https:\\\/\\\/www.instagram.com\\\/loviisaminkkinen\"]}]}<\/script>\n<!-- \/ Yoast SEO plugin. -->","yoast_head_json":{"title":"Aikuinen&lapsi-paja su 17.5. klo 10-13 - Loviisan luova tila","description":"Tule yhdess\u00e4 t\u00e4rke\u00e4n lapsen - oli se oma lapsi, kummilapsi, lapsenlapsi - kanssa jakamaan ainutlaatuinen hetki keramiikan parissa!","robots":{"index":"index","follow":"follow","max-snippet":"max-snippet:-1","max-image-preview":"max-image-preview:large","max-video-preview":"max-video-preview:-1"},"canonical":"https:\/\/www.loviisaminkkinen.com\/index.php\/tuote\/aikuinenlapsi-paja-su-17-5-klo-10-13\/","og_locale":"fi_FI","og_type":"article","og_title":"Aikuinen&lapsi-paja su 17.5. klo 10-13 - Loviisan luova tila","og_description":"Tule yhdess\u00e4 t\u00e4rke\u00e4n lapsen - oli se oma lapsi, kummilapsi, lapsenlapsi - kanssa jakamaan ainutlaatuinen hetki keramiikan parissa!","og_url":"https:\/\/www.loviisaminkkinen.com\/index.php\/tuote\/aikuinenlapsi-paja-su-17-5-klo-10-13\/","og_site_name":"Loviisan luova tila","article_publisher":"https:\/\/www.facebook.com\/Loviisan-luova-tila-61564677072092\/?hr=1","article_modified_time":"2026-04-17T09:27:05+00:00","og_image":[{"width":784,"height":1024,"url":"https:\/\/www.loviisaminkkinen.com\/wp-content\/uploads\/2024\/12\/IMG_1454-e1740137708814-784x1024.png","type":"image\/png"}],"twitter_card":"summary_large_image","twitter_misc":{"Arvioitu lukuaika":"1 minuutti"},"schema":{"@context":"https:\/\/schema.org","@graph":[{"@type":"WebPage","@id":"https:\/\/www.loviisaminkkinen.com\/index.php\/tuote\/aikuinenlapsi-paja-su-17-5-klo-10-13\/","url":"https:\/\/www.loviisaminkkinen.com\/index.php\/tuote\/aikuinenlapsi-paja-su-17-5-klo-10-13\/","name":"Aikuinen&lapsi-paja su 17.5. klo 10-13 - Loviisan luova tila","isPartOf":{"@id":"https:\/\/www.loviisaminkkinen.com\/#website"},"primaryImageOfPage":{"@id":"https:\/\/www.loviisaminkkinen.com\/index.php\/tuote\/aikuinenlapsi-paja-su-17-5-klo-10-13\/#primaryimage"},"image":{"@id":"https:\/\/www.loviisaminkkinen.com\/index.php\/tuote\/aikuinenlapsi-paja-su-17-5-klo-10-13\/#primaryimage"},"thumbnailUrl":"https:\/\/www.loviisaminkkinen.com\/wp-content\/uploads\/2024\/12\/IMG_1454-e1740137708814.png","datePublished":"2026-04-17T08:04:37+00:00","dateModified":"2026-04-17T09:27:05+00:00","description":"Tule yhdess\u00e4 t\u00e4rke\u00e4n lapsen - oli se oma lapsi, kummilapsi, lapsenlapsi - kanssa jakamaan ainutlaatuinen hetki keramiikan parissa!","breadcrumb":{"@id":"https:\/\/www.loviisaminkkinen.com\/index.php\/tuote\/aikuinenlapsi-paja-su-17-5-klo-10-13\/#breadcrumb"},"inLanguage":"fi","potentialAction":[{"@type":"ReadAction","target":["https:\/\/www.loviisaminkkinen.com\/index.php\/tuote\/aikuinenlapsi-paja-su-17-5-klo-10-13\/"]}]},{"@type":"ImageObject","inLanguage":"fi","@id":"https:\/\/www.loviisaminkkinen.com\/index.php\/tuote\/aikuinenlapsi-paja-su-17-5-klo-10-13\/#primaryimage","url":"https:\/\/www.loviisaminkkinen.com\/wp-content\/uploads\/2024\/12\/IMG_1454-e1740137708814.png","contentUrl":"https:\/\/www.loviisaminkkinen.com\/wp-content\/uploads\/2024\/12\/IMG_1454-e1740137708814.png","width":1922,"height":2510,"caption":"Keramiikkakurssilla ty\u00f6stettyj\u00e4 savit\u00f6it\u00e4"},{"@type":"BreadcrumbList","@id":"https:\/\/www.loviisaminkkinen.com\/index.php\/tuote\/aikuinenlapsi-paja-su-17-5-klo-10-13\/#breadcrumb","itemListElement":[{"@type":"ListItem","position":1,"name":"Etusivu","item":"https:\/\/www.loviisaminkkinen.com\/"},{"@type":"ListItem","position":2,"name":"Keramiikurssit ja keramiikkataidetta Jyv\u00e4skyl\u00e4ss\u00e4","item":"https:\/\/www.loviisaminkkinen.com\/"},{"@type":"ListItem","position":3,"name":"Aikuinen&#038;lapsi-paja su 17.5. klo 10-13"}]},{"@type":"WebSite","@id":"https:\/\/www.loviisaminkkinen.com\/#website","url":"https:\/\/www.loviisaminkkinen.com\/","name":"Loviisan luova tila","description":"Keramiikka Jyv&auml;skyl&auml;","publisher":{"@id":"https:\/\/www.loviisaminkkinen.com\/#organization"},"potentialAction":[{"@type":"SearchAction","target":{"@type":"EntryPoint","urlTemplate":"https:\/\/www.loviisaminkkinen.com\/?s={search_term_string}"},"query-input":{"@type":"PropertyValueSpecification","valueRequired":true,"valueName":"search_term_string"}}],"inLanguage":"fi"},{"@type":"Organization","@id":"https:\/\/www.loviisaminkkinen.com\/#organization","name":"Loviisan luova tila","url":"https:\/\/www.loviisaminkkinen.com\/","logo":{"@type":"ImageObject","inLanguage":"fi","@id":"https:\/\/www.loviisaminkkinen.com\/#\/schema\/logo\/image\/","url":"https:\/\/www.loviisaminkkinen.com\/wp-content\/uploads\/2025\/03\/cropped-IMG_1747.png","contentUrl":"https:\/\/www.loviisaminkkinen.com\/wp-content\/uploads\/2025\/03\/cropped-IMG_1747.png","width":2999,"height":2765,"caption":"Loviisan luova tila"},"image":{"@id":"https:\/\/www.loviisaminkkinen.com\/#\/schema\/logo\/image\/"},"sameAs":["https:\/\/www.facebook.com\/Loviisan-luova-tila-61564677072092\/?hr=1","https:\/\/www.instagram.com\/loviisaminkkinen"]}]}},"_links":{"self":[{"href":"https:\/\/www.loviisaminkkinen.com\/index.php\/wp-json\/wp\/v2\/product\/4322","targetHints":{"allow":["GET"]}}],"collection":[{"href":"https:\/\/www.loviisaminkkinen.com\/index.php\/wp-json\/wp\/v2\/product"}],"about":[{"href":"https:\/\/www.loviisaminkkinen.com\/index.php\/wp-json\/wp\/v2\/types\/product"}],"wp:featuredmedia":[{"embeddable":true,"href":"https:\/\/www.loviisaminkkinen.com\/index.php\/wp-json\/wp\/v2\/media\/1562"}],"wp:attachment":[{"href":"https:\/\/www.loviisaminkkinen.com\/index.php\/wp-json\/wp\/v2\/media?parent=4322"}],"wp:term":[{"taxonomy":"product_brand","embeddable":true,"href":"https:\/\/www.loviisaminkkinen.com\/index.php\/wp-json\/wp\/v2\/product_brand?post=4322"},{"taxonomy":"product_cat","embeddable":true,"href":"https:\/\/www.loviisaminkkinen.com\/index.php\/wp-json\/wp\/v2\/product_cat?post=4322"},{"taxonomy":"product_tag","embeddable":true,"href":"https:\/\/www.loviisaminkkinen.com\/index.php\/wp-json\/wp\/v2\/product_tag?post=4322"}],"curies":[{"name":"wp","href":"https:\/\/api.w.org\/{rel}","templated":true}]}}